{"id":1331,"date":"2017-07-19T18:05:16","date_gmt":"2017-07-19T18:05:16","guid":{"rendered":"http:\/\/art-ecology.net\/que-es-ae\/"},"modified":"2018-05-11T08:28:49","modified_gmt":"2018-05-11T08:28:49","slug":"que-es-ae","status":"publish","type":"page","link":"https:\/\/aplecsao.cat\/art-ecology\/es\/que-es-ae\/","title":{"rendered":"Qu\u00e9 es A&#038;E?"},"content":{"rendered":"<p>[vc_row css=&#8221;.vc_custom_1514303984925{padding-top: 50px !important;}&#8221;][vc_column][vc_column_text]Este nuevo espacio en internet quiere ser un lugar de encuentro de la doble sensibilidad art\u00edstica y ecol\u00f3gica. Hoy en d\u00eda nuestro planeta Tierra afronta una crisis ambiental profunda provocada por la acumulaci\u00f3n de a\u00f1os de actividad industrial, ya pr\u00e1cticamente extendida por todo el planeta, y que se ha producido principalmente a trav\u00e9s de energ\u00eda de origen f\u00f3sil: el carb\u00f3n primero y el petr\u00f3leo despu\u00e9s. Uno de los par\u00e1metros de medida de esta crisis es la temperatura mediana del planeta que se calienta por el efecto invernadero de las part\u00edculas en suspensi\u00f3n de CO2 en suspensi\u00f3n. Nunca antes una sola generaci\u00f3n hab\u00eda podido detectar cambios clim\u00e1ticos porqu\u00e9 eran cambios naturales, no antr\u00f3picos, que necesitaban un per\u00edodo temporal mucho m\u00e1s largo que el de una vida humana. Contrariamente hoy, en s\u00f3lo cien a\u00f1os, la temperatura de la tierra ha subido un grado y medio y la figura que forma la curva del calentamiento global es cada vez m\u00e1s acelerada: exponencial!<\/p>\n<p>La divulgaci\u00f3n de este fen\u00f3meno global de efectos imprevisibles pero con muchas derivadas locales concretas (fen\u00f3menos meteorol\u00f3gicos extremos, extinci\u00f3n de especies, \u00e9xodos humanos, desertificaci\u00f3n, desaparici\u00f3n o reducci\u00f3n de glaciares, incremento del nivel del mar&#8230;), hasta hace poco esa divulgaci\u00f3n se hab\u00eda hecho mediante publicaciones cient\u00edficas muy espec\u00edficas que el periodismo, tambi\u00e9n espec\u00edfico, difund\u00eda. Pero no es suficiente.<\/p>\n<p>Desde el inicio de la actividad del <a href=\"http:\/\/www.farreracan.cat\" target=\"_blank\" rel=\"noopener\"><strong>Centre d\u2019Art i Natura<\/strong><\/a> (CAN) de Farrera hemos observado con afecto, y promocionado, el trabajo de los artistas comprometidos con la sensibilidad ambiental y cr\u00edtica. \u201cEl paisatge en l&#8217;art modern\u201d en 1996; \u201cIrlanda\/\u00c4land\/Pirineus: un passeig a trav\u00e9s d&#8217;illes i muntanyes\u201d en 1998; \u201cNatura, forma i creaci\u00f3\u201d entre 1999\/2002; \u201cPirineus: art i ecolog\u00eda al sXXI (Evoluci\u00f3 del paisatge, canvi clim\u00e0tic i art) entre 2008\/11; o \u201cFrontiers in Retreat\u201d entre 2013\/18; son programas propios del CAN, o bien en los que ha participado, donde se propicia el encuentro entre artistas e investigadores para que la creaci\u00f3n y la investigaci\u00f3n, el arte y la ciencia interaccionen, coincidan y se influyan m\u00fatuamente para as\u00ed llegar mejor al gran p\u00fablico.<\/p>\n<p>Deseamos, pues, que este portal contribuya a comunicar y a concienciar sobre el reto m\u00e1s importante que nunca hayamos tenido como humanidad: transformar nuestro sistema de vida actual en otro de sostenible que garantice la supervivencia de una biosfera rica y diversa, donde los humanos, como una especie m\u00e1s,<span class=\"Apple-converted-space\">\u00a0 <\/span>sigamos teniendo una funci\u00f3n complementaria, pero no destructiva.<\/p>\n<p>Art-Ecology.net quiere ganar conciencias para el cambio global de modelo hacia la sostenibilidad. Y lo quiere hacer tejiendo una red desde la aldea local y el d\u00eda a d\u00eda. \u00a1BIENVENIDOS![\/vc_column_text][\/vc_column][\/vc_row]<\/p>\n","protected":false},"excerpt":{"rendered":"<p>[vc_row css=&#8221;.vc_custom_1514303984925{padding-top: 50px !important;}&#8221;][vc_column][vc_column_text]Este nuevo espacio en internet quiere ser un lugar de encuentro de la doble sensibilidad art\u00edstica y ecol\u00f3gica. Hoy en d\u00eda nuestro planeta Tierra afronta una crisis ambiental profunda provocada por la acumulaci\u00f3n de a\u00f1os de actividad industrial, ya pr\u00e1cticamente extendida por todo el planeta, y que se ha producido principalmente a[&#8230;] <\/p>\n<p class=\"mt-15\"><a class=\"small-link upper\" href=\"https:\/\/aplecsao.cat\/art-ecology\/es\/que-es-ae\/\"><span>Read More<\/span><i class=\"hc-arrow-right\"><\/i><\/a><\/p>\n","protected":false},"author":1,"featured_media":0,"parent":0,"menu_order":0,"comment_status":"closed","ping_status":"closed","template":"","meta":{"footnotes":""},"class_list":["post-1331","page","type-page","status-publish","hentry"],"_links":{"self":[{"href":"https:\/\/aplecsao.cat\/art-ecology\/es\/wp-json\/wp\/v2\/pages\/1331\/"}],"collection":[{"href":"https:\/\/aplecsao.cat\/art-ecology\/es\/wp-json\/wp\/v2\/pages\/"}],"about":[{"href":"https:\/\/aplecsao.cat\/art-ecology\/es\/wp-json\/wp\/v2\/types\/page\/"}],"author":[{"embeddable":true,"href":"https:\/\/aplecsao.cat\/art-ecology\/es\/wp-json\/wp\/v2\/users\/1\/"}],"replies":[{"embeddable":true,"href":"https:\/\/aplecsao.cat\/art-ecology\/es\/wp-json\/wp\/v2\/comments\/?post=1331"}],"version-history":[{"count":4,"href":"https:\/\/aplecsao.cat\/art-ecology\/es\/wp-json\/wp\/v2\/pages\/1331\/revisions\/"}],"predecessor-version":[{"id":1547,"href":"https:\/\/aplecsao.cat\/art-ecology\/es\/wp-json\/wp\/v2\/pages\/1331\/revisions\/1547\/"}],"wp:attachment":[{"href":"https:\/\/aplecsao.cat\/art-ecology\/es\/wp-json\/wp\/v2\/media\/?parent=1331"}],"curies":[{"name":"wp","href":"https:\/\/api.w.org\/{rel}","templated":true}]}}