{"id":1508,"date":"2017-12-26T17:49:32","date_gmt":"2017-12-26T17:49:32","guid":{"rendered":"http:\/\/art-ecology.net\/quienes-somos\/"},"modified":"2018-05-11T08:32:48","modified_gmt":"2018-05-11T08:32:48","slug":"quienes-somos","status":"publish","type":"page","link":"https:\/\/aplecsao.cat\/art-ecology\/es\/quienes-somos\/","title":{"rendered":"Qui\u00e9nes somos?"},"content":{"rendered":"<p>[vc_row css=&#8221;.vc_custom_1514302889226{padding-top: 50px !important;}&#8221;][vc_column][vc_column_text]Inicialmente somos un peque\u00f1o equipo de trabajo de la entidad que gestiona el <strong><a href=\"http:\/\/www.ferreracan.cat\">Centre d\u2019Art i Natura<\/a> (CAN)<\/strong>, una residencia de trabajo para artistas e investigadores localizada en Farrera, Alt Pirineu, Catalu\u00f1a (1360 m de altura y 20 habitantes). Comprometida con el re-equilibrio territorial de nuestro pa\u00eds entre la monta\u00f1a, el llano y la costa, los <i>Amics del CAN<\/i> (entidad sin \u00e1nimo de lucro) est\u00e1 compuesta por m\u00e1s de 100 socios y una Junta Directiva formada por Pere B\u00e1scones que la preside, adem\u00e1s de Josep Ma\u00f1\u00e0, Teresa M. Sala, Xavier Perarnau y Anna Rubio. Llu\u00eds Llobet es el director del CAN.<\/p>\n<p>La entidad trabaja en red con otros colaboradores como <a href=\"http:\/\/www.cocreable.org\" target=\"_blank\" rel=\"noopener\">CoCreable<\/a>, con <a href=\"http:\/\/www.sabadellartiga.com\" target=\"_blank\" rel=\"noopener\">Llu\u00eds Sabadell Artiga<\/a>, activo creador de esta iniciativa que aqu\u00ed se presenta, y con personas free-lance como la gestora cultural Marta Prunera. Adem\u00e1s el CAN colabora habitualmente con el departamento de <i>Geografia de la Universitat Aut\u00f2noma de Barcelona<\/i>, con el departamento de <i>Belles Arts de la Universitat de Barcelona<\/i>, con la <i>Escola Massana<\/i> de Barcelona, con la <i>Instituci\u00f3 de les Lletres Catalanes<\/i>, con la <i>Xarxa d&#8217;Espais de Creaci\u00f3 de Catalunya<\/i> (Xarxaprod), entre otras muchas instituciones de nuestro pa\u00eds.<\/p>\n<p>Internacionalmente, nuestras relaciones oscilan entre redes de espacios de creaci\u00f3n como <i>Res Artis<\/i> y <i>Alliance for Artists Communities<\/i>, fundaciones como <i>Artists for Nature Foundation<\/i> u otras peque\u00f1as redes creadas espec\u00edficamente para programas europeos como el m\u00e1s reciente de <i>Frontiers in Retreat<\/i>.[\/vc_column_text][\/vc_column][\/vc_row]<\/p>\n","protected":false},"excerpt":{"rendered":"<p>[vc_row css=&#8221;.vc_custom_1514302889226{padding-top: 50px !important;}&#8221;][vc_column][vc_column_text]Inicialmente somos un peque\u00f1o equipo de trabajo de la entidad que gestiona el Centre d\u2019Art i Natura (CAN), una residencia de trabajo para artistas e investigadores localizada en Farrera, Alt Pirineu, Catalu\u00f1a (1360 m de altura y 20 habitantes). Comprometida con el re-equilibrio territorial de nuestro pa\u00eds entre la monta\u00f1a, el llano[&#8230;] <\/p>\n<p class=\"mt-15\"><a class=\"small-link upper\" href=\"https:\/\/aplecsao.cat\/art-ecology\/es\/quienes-somos\/\"><span>Read More<\/span><i class=\"hc-arrow-right\"><\/i><\/a><\/p>\n","protected":false},"author":1,"featured_media":0,"parent":0,"menu_order":0,"comment_status":"closed","ping_status":"closed","template":"","meta":{"footnotes":""},"class_list":["post-1508","page","type-page","status-publish","hentry"],"_links":{"self":[{"href":"https:\/\/aplecsao.cat\/art-ecology\/es\/wp-json\/wp\/v2\/pages\/1508\/"}],"collection":[{"href":"https:\/\/aplecsao.cat\/art-ecology\/es\/wp-json\/wp\/v2\/pages\/"}],"about":[{"href":"https:\/\/aplecsao.cat\/art-ecology\/es\/wp-json\/wp\/v2\/types\/page\/"}],"author":[{"embeddable":true,"href":"https:\/\/aplecsao.cat\/art-ecology\/es\/wp-json\/wp\/v2\/users\/1\/"}],"replies":[{"embeddable":true,"href":"https:\/\/aplecsao.cat\/art-ecology\/es\/wp-json\/wp\/v2\/comments\/?post=1508"}],"version-history":[{"count":3,"href":"https:\/\/aplecsao.cat\/art-ecology\/es\/wp-json\/wp\/v2\/pages\/1508\/revisions\/"}],"predecessor-version":[{"id":1549,"href":"https:\/\/aplecsao.cat\/art-ecology\/es\/wp-json\/wp\/v2\/pages\/1508\/revisions\/1549\/"}],"wp:attachment":[{"href":"https:\/\/aplecsao.cat\/art-ecology\/es\/wp-json\/wp\/v2\/media\/?parent=1508"}],"curies":[{"name":"wp","href":"https:\/\/api.w.org\/{rel}","templated":true}]}}