{"id":274,"date":"2017-07-19T18:05:16","date_gmt":"2017-07-19T18:05:16","guid":{"rendered":"http:\/\/art-ecology.net\/?page_id=274"},"modified":"2018-05-11T08:30:03","modified_gmt":"2018-05-11T08:30:03","slug":"que-es-ae","status":"publish","type":"page","link":"https:\/\/aplecsao.cat\/art-ecology\/que-es-ae\/","title":{"rendered":"Qu\u00e8 \u00e9s A&#038;E?"},"content":{"rendered":"<p>[vc_row css=&#8221;.vc_custom_1514303984925{padding-top: 50px !important;}&#8221;][vc_column][vc_column_text]Aquest nou espai a Internet vol ser un lloc de trobada de la doble sensibilitat art\u00edstica i ecol\u00f2gica. Avui el nostre planeta Terra afronta una crisi ambiental profunda provocada per l\u2019acumulaci\u00f3 d\u2019anys d\u2019activitat industrial, avui estesa per tot el planeta, que s\u2019ha \u00a0produ\u00eft principalment a trav\u00e9s d\u2019energia d\u2019origen f\u00f2ssil: el carb\u00f3 primer i el petroli despr\u00e9s. \u00a0Un dels par\u00e0metres de mesura d\u2019aquesta crisi \u00e9s la temperatura mitjana del planeta que s\u2019escalfa per l\u2019efecte hivernacle de les part\u00edcules de CO2 en suspensi\u00f3. Mai abans una sola generaci\u00f3 havia pogut copsar canvis clim\u00e0tics perqu\u00e8 eren canvis naturals, no antr\u00f2pics, \u00a0que necessitaven un per\u00edode temporal molt m\u00e9s llarg que una vida humana. \u00a0Avui per\u00f2, nom\u00e9s en cent anys la temperatura de la Terra s\u2019ha enfilat un grau i mig i la figura que forma la corba de l\u2019escalfament global \u00e9s cada cop m\u00e9s accelerada, exponencial.<\/p>\n<p>La divulgaci\u00f3 d\u2019aquest fenomen global d\u2019efectes imprevisibles i moltes derivades locals (fen\u00f2mens meteorol\u00f2gics extrems, extinci\u00f3 d\u2019esp\u00e8cies, \u00e8xodes humans, desertificaci\u00f3, fosa de glaceres, increment del nivell del mar\u2026) fins fa poc s\u2019havia fet a trav\u00e9s de publicacions cient\u00edfiques molt espec\u00edfiques que el periodisme, tamb\u00e9 especialitzat, difonia. Per\u00f2 no n\u2019hi ha prou.<\/p>\n<p>Des de l\u2019inici de l\u2019activitat del <a href=\"http:\/\/www.farreracan.cat\" target=\"_blank\" rel=\"noopener\"><strong>Centre d\u2019Art i Natura<\/strong><\/a> (CAN) de Farrera hem observat, i promocionat, el treball dels artistes compromesos amb la sensibilitzaci\u00f3 ambiental i cr\u00edtica a trav\u00e9s dels seus treballs. \u00a0<i>El paisatge en l\u2019Art Modern; Irlanda-\u00c4land-Pirineus: un passeig a trav\u00e9s d\u2019illes i muntanyes; Natura, Forma i Creaci\u00f3; Pirineus: Art i Ecologia al sXXI (Evoluci\u00f3 del paisatge, canvi clim\u00e0tic i art)<\/i>, o <i>Frontiers in Retreat<\/i> s\u00f3n programes del CAN, o b\u00e9 on hi participa, on es propicia la trobada entre artistes i investigadors per tal que recerca i creaci\u00f3, ci\u00e8ncia i art, es trobin, interactuin, \u00a0s\u2019influeixin m\u00fatuament per arribar millor al gran p\u00fablic.<\/p>\n<p>Desitgem doncs \u00a0que aquest portal contribueixi a comunicar i a fer prendre consci\u00e8ncia del repte m\u00e9s important que mai h\u00e0gim tingut com a humanitat: transformar el nostre sistema de vida actual en un altre de sostenible que garanteixi la superviv\u00e8ncia d\u2019una biosfera rica i diversa on els humans, com una esp\u00e8cie m\u00e9s, hi seguim tenint una funci\u00f3.<\/p>\n<p>Art-Ecology.net vol guanyar consci\u00e8ncies pel canvi global de model vers la sostenibilitat. I ho vol fer teixint xarxa des de la localitat i el dia a dia.<\/p>\n<p>Benvinguts![\/vc_column_text][\/vc_column][\/vc_row]<\/p>\n","protected":false},"excerpt":{"rendered":"<p>[vc_row css=&#8221;.vc_custom_1514303984925{padding-top: 50px !important;}&#8221;][vc_column][vc_column_text]Aquest nou espai a Internet vol ser un lloc de trobada de la doble sensibilitat art\u00edstica i ecol\u00f2gica. Avui el nostre planeta Terra afronta una crisi ambiental profunda provocada per l\u2019acumulaci\u00f3 d\u2019anys d\u2019activitat industrial, avui estesa per tot el planeta, que s\u2019ha \u00a0produ\u00eft principalment a trav\u00e9s d\u2019energia d\u2019origen f\u00f2ssil: el carb\u00f3 primer[&#8230;] <\/p>\n<p class=\"mt-15\"><a class=\"small-link upper\" href=\"https:\/\/aplecsao.cat\/art-ecology\/que-es-ae\/\"><span>Read More<\/span><i class=\"hc-arrow-right\"><\/i><\/a><\/p>\n","protected":false},"author":1,"featured_media":0,"parent":0,"menu_order":0,"comment_status":"closed","ping_status":"closed","template":"","meta":{"footnotes":""},"class_list":["post-274","page","type-page","status-publish","hentry"],"_links":{"self":[{"href":"https:\/\/aplecsao.cat\/art-ecology\/wp-json\/wp\/v2\/pages\/274","targetHints":{"allow":["GET"]}}],"collection":[{"href":"https:\/\/aplecsao.cat\/art-ecology\/wp-json\/wp\/v2\/pages"}],"about":[{"href":"https:\/\/aplecsao.cat\/art-ecology\/wp-json\/wp\/v2\/types\/page"}],"author":[{"embeddable":true,"href":"https:\/\/aplecsao.cat\/art-ecology\/wp-json\/wp\/v2\/users\/1"}],"replies":[{"embeddable":true,"href":"https:\/\/aplecsao.cat\/art-ecology\/wp-json\/wp\/v2\/comments?post=274"}],"version-history":[{"count":5,"href":"https:\/\/aplecsao.cat\/art-ecology\/wp-json\/wp\/v2\/pages\/274\/revisions"}],"predecessor-version":[{"id":1326,"href":"https:\/\/aplecsao.cat\/art-ecology\/wp-json\/wp\/v2\/pages\/274\/revisions\/1326"}],"wp:attachment":[{"href":"https:\/\/aplecsao.cat\/art-ecology\/wp-json\/wp\/v2\/media?parent=274"}],"curies":[{"name":"wp","href":"https:\/\/api.w.org\/{rel}","templated":true}]}}